{"id":400,"date":"2025-09-25T06:24:16","date_gmt":"2025-09-25T06:24:16","guid":{"rendered":"https:\/\/www.toptanbisiklet.com\/?page_id=400"},"modified":"2026-03-03T04:00:20","modified_gmt":"2026-03-03T04:00:20","slug":"kosullar","status":"publish","type":"page","link":"https:\/\/www.toptanbisiklet.com\/?page_id=400","title":{"rendered":"KO\u015eULLAR"},"content":{"rendered":"<ul>\n<li>SATI\u015eIMIZ SADECE TOPTANDIR L\u0130M\u0130T ALTI \u00dcR\u00dcN SATI\u015eIMIZ YOKTUR (50,000 tl. \u00fczeri)<\/li>\n<li>\u00d6DEMES\u0130 ALINMAMI\u015e S\u0130PAR\u0130\u015eLER TESL\u0130M VE SEVK ED\u0130LMEZ<\/li>\n<li>A\u00c7IK HESAP \u00c7ALI\u015eMAMIZ YOKTUR<\/li>\n<li>\u0130ADE \u00dcR\u00dcNLERDE \u0130ADE \u015eARTLARI DAH\u0130L\u0130NDE SATI\u015e FATURASI F\u0130YATI \u00dcZER\u0130NDE GER\u0130 ALIM YAPILIR<\/li>\n<li>F\u0130YATLARIMIZA KDV DAH\u0130L DE\u011e\u0130LD\u0130R<\/li>\n<li>G\u00dcNCEL F\u0130YAT VE RENK B\u0130LG\u0130LER\u0130 \u0130\u00c7\u0130N \u0130RT\u0130BATA GE\u00c7\u0130N\u0130Z<\/li>\n<li>\u00d6DEMES\u0130 ALINMAMI\u015e S\u0130PAR\u0130\u015eLER \u0130\u00c7\u0130N F\u0130YAT GARANT\u0130S\u0130 YOKTUR<\/li>\n<li>VERG\u0130 VE HAR\u00c7 ORANLARINDA OLAN DE\u011e\u0130\u015e\u0130KL\u0130KLER F\u0130YATLARA YANSITILIR.<\/li>\n<li>F\u0130RMA ADRES\u0130M\u0130ZDEN F\u0130Z\u0130K\u0130 TESL\u0130MAT YAPILMAKTADIR GELMEDEN \u00d6NCE STOK VE RENK B\u0130LG\u0130S\u0130 B\u0130LD\u0130R\u0130LMES\u0130 GEREKL\u0130D\u0130R.<\/li>\n<li>SORMAK \u0130STED\u0130\u011e\u0130N\u0130Z D\u0130\u011eER B\u0130LG\u0130LER \u0130\u00c7\u0130N TELEFON VE WHATSAPP \u0130LE B\u0130LG\u0130 ALAB\u0130L\u0130RS\u0130N\u0130Z.<\/li>\n<li>E T\u0130CARET PLATFORMLARINDA\u00a0 SATI\u015e YAPAN F\u0130RMALARDA (TRENDYOL-HEPS\u0130BURADA-N11-PAZARAMA-PTTAVM-AMAZON-VB.)\u00a0 T\u00dcM SORUMLULUK M\u00dc\u015eTER\u0130YE\u00a0 A\u0130TT\u0130R KO\u015eULSUZ 14 G\u00dcN KEYF\u0130 \u0130ADE M\u00dc\u015eTER\u0130 MEMNUN\u0130YET\u0130 EKS\u0130K PAR\u00c7A HASARLI \u00dcR\u00dcN EKS\u0130K \u00dcR\u00dcN\u00a0 ANAL\u0130Z VB. \u0130ADELERDE GER\u0130 ALIM DE\u011e\u0130\u015e\u0130M AMBALAJ TEDAR\u0130\u011e\u0130 G\u0130B\u0130 B\u0130R UYGULAMAMIZ VE MECBUR\u0130YET\u0130M\u0130Z YOKTUR\u00a0 SON KULLANICININ VERD\u0130\u011e\u0130 H\u0130\u00c7B\u0130R ZARARI KAR\u015eILAMAMIZ M\u00dcMK\u00dcN DE\u011e\u0130LD\u0130R.<\/li>\n<li>SALCANO SATI\u015eLARI BAY\u0130 OLMAYAN LOKASYONLAR \u0130\u00c7\u0130N GE\u00c7ERL\u0130D\u0130R BAY\u0130 OLAN LOKASYONLARA\u00a0 SATI\u015eIMIZ YOKTUR.<\/li>\n<\/ul>\n<p>&nbsp;<\/p>\n","protected":false},"excerpt":{"rendered":"<p>SATI\u015eIMIZ SADECE TOPTANDIR L\u0130M\u0130T ALTI \u00dcR\u00dcN SATI\u015eIMIZ YOKTUR (50,000 tl. \u00fczeri) \u00d6DEMES\u0130 ALINMAMI\u015e S\u0130PAR\u0130\u015eLER TESL\u0130M VE SEVK ED\u0130LMEZ A\u00c7IK HESAP \u00c7ALI\u015eMAMIZ YOKTUR \u0130ADE \u00dcR\u00dcNLERDE \u0130ADE \u015eARTLARI DAH\u0130L\u0130NDE SATI\u015e FATURASI F\u0130YATI \u00dcZER\u0130NDE GER\u0130 ALIM YAPILIR F\u0130YATLARIMIZA KDV DAH\u0130L DE\u011e\u0130LD\u0130R G\u00dcNCEL F\u0130YAT VE RENK B\u0130LG\u0130LER\u0130 \u0130\u00c7\u0130N \u0130RT\u0130BATA GE\u00c7\u0130N\u0130Z \u00d6DEMES\u0130 ALINMAMI\u015e S\u0130PAR\u0130\u015eLER \u0130\u00c7\u0130N F\u0130YAT GARANT\u0130S\u0130 YOKTUR VERG\u0130 VE [&hellip;]<\/p>\n","protected":false},"author":1,"featured_media":0,"parent":0,"menu_order":0,"comment_status":"closed","ping_status":"closed","template":"","meta":{"_monsterinsights_skip_tracking":false,"_monsterinsights_sitenote_active":false,"_monsterinsights_sitenote_note":"","_monsterinsights_sitenote_category":0,"footnotes":""},"class_list":["post-400","page","type-page","status-publish","hentry"],"aioseo_notices":[],"_links":{"self":[{"href":"https:\/\/www.toptanbisiklet.com\/index.php?rest_route=\/wp\/v2\/pages\/400","targetHints":{"allow":["GET"]}}],"collection":[{"href":"https:\/\/www.toptanbisiklet.com\/index.php?rest_route=\/wp\/v2\/pages"}],"about":[{"href":"https:\/\/www.toptanbisiklet.com\/index.php?rest_route=\/wp\/v2\/types\/page"}],"author":[{"embeddable":true,"href":"https:\/\/www.toptanbisiklet.com\/index.php?rest_route=\/wp\/v2\/users\/1"}],"replies":[{"embeddable":true,"href":"https:\/\/www.toptanbisiklet.com\/index.php?rest_route=%2Fwp%2Fv2%2Fcomments&post=400"}],"version-history":[{"count":8,"href":"https:\/\/www.toptanbisiklet.com\/index.php?rest_route=\/wp\/v2\/pages\/400\/revisions"}],"predecessor-version":[{"id":1297,"href":"https:\/\/www.toptanbisiklet.com\/index.php?rest_route=\/wp\/v2\/pages\/400\/revisions\/1297"}],"wp:attachment":[{"href":"https:\/\/www.toptanbisiklet.com\/index.php?rest_route=%2Fwp%2Fv2%2Fmedia&parent=400"}],"curies":[{"name":"wp","href":"https:\/\/api.w.org\/{rel}","templated":true}]}}