{"id":403,"date":"2025-09-25T06:25:21","date_gmt":"2025-09-25T06:25:21","guid":{"rendered":"https:\/\/www.toptanbisiklet.com\/?page_id=403"},"modified":"2026-03-02T04:31:55","modified_gmt":"2026-03-02T04:31:55","slug":"s-s-s","status":"publish","type":"page","link":"https:\/\/www.toptanbisiklet.com\/?page_id=403","title":{"rendered":"S.S.S."},"content":{"rendered":"<ul>\n<li>T\u00dcM \u00dcR\u00dcNLER \u0130MALAT HATALARINA KAR\u015eI GARANT\u0130L\u0130 OLUP KULLANILMAMI\u015e \u00dcR\u00dcNLERDE DE\u011e\u0130\u015e\u0130M VEYA \u0130ADE KULLANILMI\u015e \u00dcR\u00dcNLERDE TAM\u0130R VE YEDEK PAR\u00c7A DESTE\u011e\u0130 SA\u011eLANMAKTADIR (E T\u0130CARET PLATFORMLARINDA\u00a0 SATILAN \u00dcR\u00dcNLERDE GE\u00c7ERL\u0130 DE\u011e\u0130LD\u0130R KO\u015eULLAR KISMINDA K\u0130 A\u00c7IKLAMALARDA BEL\u0130RT\u0130LM\u0130\u015eT\u0130R)<\/li>\n<li>KULLANILMI\u015e \u00dcR\u00dcNLERDE \u0130ADE KES\u0130NL\u0130KLE M\u00dcMK\u00dcN DE\u011e\u0130LD\u0130R<\/li>\n<li>TE\u015eH\u0130RDE BEKLEM\u0130\u015e DEFORME OLMU\u015e \u00dcR\u00dcNLERDE \u0130ADE M\u00dcMK\u00dcN DE\u011e\u0130LD\u0130R<\/li>\n<li>\u0130ADE \u00dcR\u00dcNDE \u00dcCRET \u00d6DEMES\u0130 ANINDA YAPILMAKTA OLUP \u00dcR\u00dcN\u00dcN FATURA ED\u0130LD\u0130\u011e\u0130 F\u0130YATTAN GER\u0130 \u00d6DEME YAPILMAKTADIR.<\/li>\n<li>\u00dcR\u00dcN NAKL\u0130YES\u0130 SIRASINDA OLU\u015eAN HASARLAR EN GE\u00c7 3 G\u00dcN \u0130\u00c7ER\u0130S\u0130NDE B\u0130LD\u0130R\u0130LMEK ZORUNLUDUR DAHA SONRA YAPILAN B\u0130LD\u0130R\u0130MLER D\u0130KKATE ALINMAZ<\/li>\n<li>AMBAR VE KARGO NAKL\u0130YES\u0130 ESNASINDA OLU\u015eAN ZARARLAR TUTANAK TUTULMADI\u011eI TAKT\u0130RDE ALICIYA A\u0130TT\u0130R<\/li>\n<li>\u00dcRET\u0130M ARIZALI \u00dcR\u00dcNLER HAR\u0130C\u0130 \u0130ADELERDE NAKL\u0130YE \u00dcCRET\u0130 ALICIYA A\u0130TT\u0130R<\/li>\n<li>T\u00dcM \u00dcR\u00dcNLERDE KULLANIM \u00d6MR\u00dc BOYUNCA YEDEK PAR\u00c7A MEVCUT OLUP YEDEK PAR\u00c7A TALEPLER\u0130 VE \u00dcCRETLER\u0130 \u00dcRET\u0130C\u0130 F\u0130RMALAR TARAFINDAN BEL\u0130RLENMEKTED\u0130R.<\/li>\n<li>E T\u0130CARET PLATFORMLARINDA\u00a0 SATI\u015e YAPAN F\u0130RMALARDA (TRENDYOL-HEPS\u0130BURADA-N11-PAZARAMA-PTTAVM-AMAZON-VB.)\u00a0 T\u00dcM SORUMLULUK M\u00dc\u015eTER\u0130YE\u00a0 A\u0130TT\u0130R KO\u015eULSUZ 14 G\u00dcN KEYF\u0130 \u0130ADE M\u00dc\u015eTER\u0130 MEMNUN\u0130YET\u0130 EKS\u0130K PAR\u00c7A HASARLI \u00dcR\u00dcN EKS\u0130K \u00dcR\u00dcN\u00a0 ANAL\u0130Z VB. \u0130ADELERDE GER\u0130 ALIM DE\u011e\u0130\u015e\u0130M AMBALAJ TEDAR\u0130\u011e\u0130 G\u0130B\u0130 B\u0130R UYGULAMAMIZ VE MECBUR\u0130YET\u0130M\u0130Z YOKTUR\u00a0 SON KULLANICININ \u00dcR\u00dcNE VERD\u0130\u011e\u0130 H\u0130\u00c7B\u0130R ZARARI KAR\u015eILANMAZ.<\/li>\n<\/ul>\n","protected":false},"excerpt":{"rendered":"<p>T\u00dcM \u00dcR\u00dcNLER \u0130MALAT HATALARINA KAR\u015eI GARANT\u0130L\u0130 OLUP KULLANILMAMI\u015e \u00dcR\u00dcNLERDE DE\u011e\u0130\u015e\u0130M VEYA \u0130ADE KULLANILMI\u015e \u00dcR\u00dcNLERDE TAM\u0130R VE YEDEK PAR\u00c7A DESTE\u011e\u0130 SA\u011eLANMAKTADIR (E T\u0130CARET PLATFORMLARINDA\u00a0 SATILAN \u00dcR\u00dcNLERDE GE\u00c7ERL\u0130 DE\u011e\u0130LD\u0130R KO\u015eULLAR KISMINDA K\u0130 A\u00c7IKLAMALARDA BEL\u0130RT\u0130LM\u0130\u015eT\u0130R) KULLANILMI\u015e \u00dcR\u00dcNLERDE \u0130ADE KES\u0130NL\u0130KLE M\u00dcMK\u00dcN DE\u011e\u0130LD\u0130R TE\u015eH\u0130RDE BEKLEM\u0130\u015e DEFORME OLMU\u015e \u00dcR\u00dcNLERDE \u0130ADE M\u00dcMK\u00dcN DE\u011e\u0130LD\u0130R \u0130ADE \u00dcR\u00dcNDE \u00dcCRET \u00d6DEMES\u0130 ANINDA YAPILMAKTA OLUP \u00dcR\u00dcN\u00dcN FATURA [&hellip;]<\/p>\n","protected":false},"author":1,"featured_media":0,"parent":0,"menu_order":0,"comment_status":"closed","ping_status":"closed","template":"","meta":{"_monsterinsights_skip_tracking":false,"_monsterinsights_sitenote_active":false,"_monsterinsights_sitenote_note":"","_monsterinsights_sitenote_category":0,"footnotes":""},"class_list":["post-403","page","type-page","status-publish","hentry"],"aioseo_notices":[],"_links":{"self":[{"href":"https:\/\/www.toptanbisiklet.com\/index.php?rest_route=\/wp\/v2\/pages\/403","targetHints":{"allow":["GET"]}}],"collection":[{"href":"https:\/\/www.toptanbisiklet.com\/index.php?rest_route=\/wp\/v2\/pages"}],"about":[{"href":"https:\/\/www.toptanbisiklet.com\/index.php?rest_route=\/wp\/v2\/types\/page"}],"author":[{"embeddable":true,"href":"https:\/\/www.toptanbisiklet.com\/index.php?rest_route=\/wp\/v2\/users\/1"}],"replies":[{"embeddable":true,"href":"https:\/\/www.toptanbisiklet.com\/index.php?rest_route=%2Fwp%2Fv2%2Fcomments&post=403"}],"version-history":[{"count":5,"href":"https:\/\/www.toptanbisiklet.com\/index.php?rest_route=\/wp\/v2\/pages\/403\/revisions"}],"predecessor-version":[{"id":1296,"href":"https:\/\/www.toptanbisiklet.com\/index.php?rest_route=\/wp\/v2\/pages\/403\/revisions\/1296"}],"wp:attachment":[{"href":"https:\/\/www.toptanbisiklet.com\/index.php?rest_route=%2Fwp%2Fv2%2Fmedia&parent=403"}],"curies":[{"name":"wp","href":"https:\/\/api.w.org\/{rel}","templated":true}]}}