{"id":858,"date":"2025-09-30T11:02:40","date_gmt":"2025-09-30T11:02:40","guid":{"rendered":"https:\/\/www.toptanbisiklet.com\/?page_id=858"},"modified":"2025-09-30T11:02:40","modified_gmt":"2025-09-30T11:02:40","slug":"fiyat-listesi","status":"publish","type":"page","link":"https:\/\/www.toptanbisiklet.com\/?page_id=858","title":{"rendered":"F\u0130YAT L\u0130STES\u0130"},"content":{"rendered":"<p><img  title=\"\" loading=\"lazy\" decoding=\"async\" class=\"aligncenter size-medium wp-image-1246\" src=\"https:\/\/www.toptanbisiklet.com\/wp-content\/uploads\/2026\/02\/Yeni-Bit-Eslem-Resmi-240x300.jpg\"  alt=\"Yeni-Bit-Eslem-Resmi-240x300 F\u0130YAT L\u0130STES\u0130\"  width=\"240\" height=\"300\" srcset=\"https:\/\/www.toptanbisiklet.com\/wp-content\/uploads\/2026\/02\/Yeni-Bit-Eslem-Resmi-240x300.jpg 240w, https:\/\/www.toptanbisiklet.com\/wp-content\/uploads\/2026\/02\/Yeni-Bit-Eslem-Resmi-410x512.jpg 410w, https:\/\/www.toptanbisiklet.com\/wp-content\/uploads\/2026\/02\/Yeni-Bit-Eslem-Resmi.jpg 508w\" sizes=\"auto, (max-width: 240px) 100vw, 240px\" \/><\/p>\n","protected":false},"excerpt":{"rendered":"","protected":false},"author":1,"featured_media":834,"parent":0,"menu_order":0,"comment_status":"closed","ping_status":"closed","template":"","meta":{"_monsterinsights_skip_tracking":false,"_monsterinsights_sitenote_active":false,"_monsterinsights_sitenote_note":"","_monsterinsights_sitenote_category":0,"footnotes":""},"class_list":["post-858","page","type-page","status-publish","has-post-thumbnail","hentry"],"aioseo_notices":[],"_links":{"self":[{"href":"https:\/\/www.toptanbisiklet.com\/index.php?rest_route=\/wp\/v2\/pages\/858","targetHints":{"allow":["GET"]}}],"collection":[{"href":"https:\/\/www.toptanbisiklet.com\/index.php?rest_route=\/wp\/v2\/pages"}],"about":[{"href":"https:\/\/www.toptanbisiklet.com\/index.php?rest_route=\/wp\/v2\/types\/page"}],"author":[{"embeddable":true,"href":"https:\/\/www.toptanbisiklet.com\/index.php?rest_route=\/wp\/v2\/users\/1"}],"replies":[{"embeddable":true,"href":"https:\/\/www.toptanbisiklet.com\/index.php?rest_route=%2Fwp%2Fv2%2Fcomments&post=858"}],"version-history":[{"count":4,"href":"https:\/\/www.toptanbisiklet.com\/index.php?rest_route=\/wp\/v2\/pages\/858\/revisions"}],"predecessor-version":[{"id":1247,"href":"https:\/\/www.toptanbisiklet.com\/index.php?rest_route=\/wp\/v2\/pages\/858\/revisions\/1247"}],"wp:featuredmedia":[{"embeddable":true,"href":"https:\/\/www.toptanbisiklet.com\/index.php?rest_route=\/wp\/v2\/media\/834"}],"wp:attachment":[{"href":"https:\/\/www.toptanbisiklet.com\/index.php?rest_route=%2Fwp%2Fv2%2Fmedia&parent=858"}],"curies":[{"name":"wp","href":"https:\/\/api.w.org\/{rel}","templated":true}]}}